{"id":129,"date":"2022-12-24T18:08:41","date_gmt":"2022-12-24T17:08:41","guid":{"rendered":"https:\/\/minet-mathieu-avocats.fr\/?page_id=129"},"modified":"2022-12-24T18:30:41","modified_gmt":"2022-12-24T17:30:41","slug":"droit-collaboratif","status":"publish","type":"page","link":"https:\/\/minet-mathieu-avocats.fr\/?page_id=129","title":{"rendered":"Droit collaboratif"},"content":{"rendered":"\t\t<div data-elementor-type=\"wp-page\" data-elementor-id=\"129\" class=\"elementor elementor-129\" data-elementor-post-type=\"page\">\n\t\t\t\t\t\t<section class=\"elementor-section elementor-top-section elementor-element elementor-element-ab93f47 elementor-section-boxed elementor-section-height-default elementor-section-height-default\" data-id=\"ab93f47\" data-element_type=\"section\" data-e-type=\"section\">\n\t\t\t\t\t\t<div class=\"elementor-container elementor-column-gap-default\">\n\t\t\t\t\t<div class=\"elementor-column elementor-col-100 elementor-top-column elementor-element elementor-element-df661a5\" data-id=\"df661a5\" data-element_type=\"column\" data-e-type=\"column\">\n\t\t\t<div class=\"elementor-widget-wrap elementor-element-populated\">\n\t\t\t\t\t\t<section class=\"elementor-section elementor-inner-section elementor-element elementor-element-f513de8 elementor-section-boxed elementor-section-height-default elementor-section-height-default\" data-id=\"f513de8\" data-element_type=\"section\" data-e-type=\"section\">\n\t\t\t\t\t\t<div class=\"elementor-container elementor-column-gap-default\">\n\t\t\t\t\t<div class=\"elementor-column elementor-col-50 elementor-inner-column elementor-element elementor-element-27f4b37\" data-id=\"27f4b37\" data-element_type=\"column\" data-e-type=\"column\">\n\t\t\t<div class=\"elementor-widget-wrap elementor-element-populated\">\n\t\t\t\t\t\t<div class=\"elementor-element elementor-element-9b9fe7b elementor-widget elementor-widget-text-editor\" data-id=\"9b9fe7b\" data-element_type=\"widget\" data-e-type=\"widget\" data-widget_type=\"text-editor.default\">\n\t\t\t\t<div class=\"elementor-widget-container\">\n\t\t\t\t\t\t\t\t\t<h2 style=\"padding: 0px; margin: 10px 0px 5px; text-size-adjust: none; border: 0px; font-size: 19px; vertical-align: baseline; color: #2a6eb6; font-family: 'Open Sans', sans-serif; background-color: #f3f3f3;\">Le droit collaboratif\u00a0: qu\u2019est-ce que c\u2019est\u00a0?<\/h2><p style=\"padding: 0px; margin-right: 0px; margin-bottom: 10px; margin-left: 0px; text-size-adjust: none; border: 0px; font-size: 13px; vertical-align: baseline; text-align: justify; color: #4f4f4f; font-family: 'Open Sans', sans-serif; background-color: #f3f3f3;\">Le\u00a0<strong style=\"padding: 0px; margin: 0px; text-size-adjust: none; border: 0px; vertical-align: baseline;\">droit collaboratif<\/strong>\u00a0est un processus alternatif au contentieux, men\u00e9 par des Avocats.<\/p><p style=\"padding: 0px; margin-right: 0px; margin-bottom: 10px; margin-left: 0px; text-size-adjust: none; border: 0px; font-size: 13px; vertical-align: baseline; text-align: justify; color: #4f4f4f; font-family: 'Open Sans', sans-serif; background-color: #f3f3f3;\">Le droit collaboratif se d\u00e9veloppe en France depuis 2007 d\u2019abord en mati\u00e8re familiale puis depuis 2012 dans les autres domaines du droit comme le droit des affaires, le droit m\u00e9dical, le droit social, le droit civil etc.<\/p><p style=\"padding: 0px; margin-right: 0px; margin-bottom: 10px; margin-left: 0px; text-size-adjust: none; border: 0px; font-size: 13px; vertical-align: baseline; text-align: justify; color: #4f4f4f; font-family: 'Open Sans', sans-serif; background-color: #f3f3f3;\">Le\u00a0<strong style=\"padding: 0px; margin: 0px; text-size-adjust: none; border: 0px; vertical-align: baseline;\">processus collaboratif<\/strong>\u00a0s\u2019applique \u00e0 tous les litiges d\u00e8s lors que les protagonistes veulent ou doivent pr\u00e9server un lien dans l\u2019avenir (droit des affaires,\u00a0<a style=\"padding: 0px; margin: 0px; text-size-adjust: none; border: 0px; vertical-align: baseline; text-decoration-line: underline; color: #5292a3; outline: none;\" href=\"file:\/\/\/D:\/SynologyDrive\/clients-pro\/minet-mathieu%20avocats\/minet-mathieu\/www.minet-mathieu-avocats.fr\/avocat-droit-famille.html\">droit de la famille<\/a>,\u00a0<a style=\"padding: 0px; margin: 0px; text-size-adjust: none; border: 0px; vertical-align: baseline; text-decoration-line: underline; color: #5292a3; outline: none;\" href=\"file:\/\/\/D:\/SynologyDrive\/clients-pro\/minet-mathieu%20avocats\/minet-mathieu\/www.minet-mathieu-avocats.fr\/avocat-droit-travail.html\">droit du travail<\/a>etc.)<\/p><p style=\"padding: 0px; margin-right: 0px; margin-bottom: 10px; margin-left: 0px; text-size-adjust: none; border: 0px; font-size: 13px; vertical-align: baseline; text-align: justify; color: #4f4f4f; font-family: 'Open Sans', sans-serif; background-color: #f3f3f3;\">Pour mettre en place ce genre de d\u00e9marche, le cabinet de Ma\u00eetre Mathieu, situ\u00e9 \u00e0\u00a0<strong style=\"padding: 0px; margin: 0px; text-size-adjust: none; border: 0px; vertical-align: baseline;\">Valenciennes<\/strong>\u00a0et\u00a0<strong style=\"padding: 0px; margin: 0px; text-size-adjust: none; border: 0px; vertical-align: baseline;\">Denain<\/strong>\u00a0(proche\u00a0<strong style=\"padding: 0px; margin: 0px; text-size-adjust: none; border: 0px; vertical-align: baseline;\">Cambrai<\/strong>,\u00a0<strong style=\"padding: 0px; margin: 0px; text-size-adjust: none; border: 0px; vertical-align: baseline;\">Douai<\/strong>,\u00a0<strong style=\"padding: 0px; margin: 0px; text-size-adjust: none; border: 0px; vertical-align: baseline;\">St-Amand-les-Eaux<\/strong>) est \u00e0 votre enti\u00e8re disposition.<\/p>\t\t\t\t\t\t\t\t<\/div>\n\t\t\t\t<\/div>\n\t\t\t\t\t<\/div>\n\t\t<\/div>\n\t\t\t\t<div class=\"elementor-column elementor-col-50 elementor-inner-column elementor-element elementor-element-4252c16\" data-id=\"4252c16\" data-element_type=\"column\" data-e-type=\"column\">\n\t\t\t<div class=\"elementor-widget-wrap\">\n\t\t\t\t\t\t\t<\/div>\n\t\t<\/div>\n\t\t\t\t\t<\/div>\n\t\t<\/section>\n\t\t\t\t\t<\/div>\n\t\t<\/div>\n\t\t\t\t\t<\/div>\n\t\t<\/section>\n\t\t\t\t<section class=\"elementor-section elementor-top-section elementor-element elementor-element-c74bae1 elementor-section-boxed elementor-section-height-default elementor-section-height-default\" data-id=\"c74bae1\" data-element_type=\"section\" data-e-type=\"section\">\n\t\t\t\t\t\t<div class=\"elementor-container elementor-column-gap-default\">\n\t\t\t\t\t<div class=\"elementor-column elementor-col-100 elementor-top-column elementor-element elementor-element-ec0a19f\" data-id=\"ec0a19f\" data-element_type=\"column\" data-e-type=\"column\">\n\t\t\t<div class=\"elementor-widget-wrap elementor-element-populated\">\n\t\t\t\t\t\t<section class=\"elementor-section elementor-inner-section elementor-element elementor-element-456f44c elementor-section-boxed elementor-section-height-default elementor-section-height-default\" data-id=\"456f44c\" data-element_type=\"section\" data-e-type=\"section\">\n\t\t\t\t\t\t<div class=\"elementor-container elementor-column-gap-default\">\n\t\t\t\t\t<div class=\"elementor-column elementor-col-50 elementor-inner-column elementor-element elementor-element-9d63782\" data-id=\"9d63782\" data-element_type=\"column\" data-e-type=\"column\">\n\t\t\t<div class=\"elementor-widget-wrap\">\n\t\t\t\t\t\t\t<\/div>\n\t\t<\/div>\n\t\t\t\t<div class=\"elementor-column elementor-col-50 elementor-inner-column elementor-element elementor-element-2aae5eb\" data-id=\"2aae5eb\" data-element_type=\"column\" data-e-type=\"column\">\n\t\t\t<div class=\"elementor-widget-wrap elementor-element-populated\">\n\t\t\t\t\t\t<div class=\"elementor-element elementor-element-1e2472d elementor-widget elementor-widget-text-editor\" data-id=\"1e2472d\" data-element_type=\"widget\" data-e-type=\"widget\" data-widget_type=\"text-editor.default\">\n\t\t\t\t<div class=\"elementor-widget-container\">\n\t\t\t\t\t\t\t\t\t<h2 style=\"padding: 0px; margin: 10px 0px 5px; text-size-adjust: none; border: 0px; font-size: 19px; vertical-align: baseline; color: #2a6eb6; font-family: 'Open Sans', sans-serif; background-color: #f3f3f3;\">Le droit collaboratif\u00a0: comment \u00e7a marche\u00a0?<\/h2><p style=\"padding: 0px; margin-right: 0px; margin-bottom: 10px; margin-left: 0px; text-size-adjust: none; border: 0px; font-size: 13px; vertical-align: baseline; text-align: justify; color: #4f4f4f; font-family: 'Open Sans', sans-serif; background-color: #f3f3f3;\">Chaque partie a un\u00a0<strong style=\"padding: 0px; margin: 0px; text-size-adjust: none; border: 0px; vertical-align: baseline;\">Avocat form\u00e9 au droit collaboratif<\/strong>. Il s\u2019agit d\u2019une formation sp\u00e9cifique en plus du dipl\u00f4me d\u2019<a style=\"padding: 0px; margin: 0px; text-size-adjust: none; border: 0px; vertical-align: baseline; text-decoration-line: underline; color: #5292a3; outline: none;\" href=\"file:\/\/\/D:\/SynologyDrive\/clients-pro\/minet-mathieu%20avocats\/minet-mathieu\/www.minet-mathieu-avocats.fr\/index.html\">avocat<\/a>.<\/p><p style=\"padding: 0px; margin-right: 0px; margin-bottom: 10px; margin-left: 0px; text-size-adjust: none; border: 0px; font-size: 13px; vertical-align: baseline; text-align: justify; color: #4f4f4f; font-family: 'Open Sans', sans-serif; background-color: #f3f3f3;\">Les parties et leurs Avocats respectifs signent un contrat de participation au\u00a0<strong style=\"padding: 0px; margin: 0px; text-size-adjust: none; border: 0px; vertical-align: baseline;\">processus collaboratif<\/strong>.<\/p><p style=\"padding: 0px; margin-right: 0px; margin-bottom: 10px; margin-left: 0px; text-size-adjust: none; border: 0px; font-size: 13px; vertical-align: baseline; text-align: justify; color: #4f4f4f; font-family: 'Open Sans', sans-serif; background-color: #f3f3f3;\">Les principes fondamentaux du contrat de participation au processus collaboratif sont les suivants\u00a0: travail en \u00e9quipe, transparence, confidentialit\u00e9 renforc\u00e9e, intervention des tiers le cas \u00e9ch\u00e9ant, d\u00e9sistement des Avocats en cas d\u2019\u00e9chec du processus et absence totale du Juge contentieux.<\/p><p style=\"padding: 0px; margin-right: 0px; margin-bottom: 10px; margin-left: 0px; text-size-adjust: none; border: 0px; font-size: 13px; vertical-align: baseline; text-align: justify; color: #4f4f4f; font-family: 'Open Sans', sans-serif; background-color: #f3f3f3;\">Ce contrat pose le cadre, tenu par les Avocats, qui offre un espace de confiance et de s\u00e9curit\u00e9. Ce cadre permet aux personnes et \u00e0 leur\u00a0<strong style=\"padding: 0px; margin: 0px; text-size-adjust: none; border: 0px; vertical-align: baseline;\">Avocat en droit collaboratif<\/strong>\u00a0respectif de passer d\u2019une \u00e9tape \u00e0 l\u2019autre.<\/p><p style=\"padding: 0px; margin-right: 0px; margin-bottom: 10px; margin-left: 0px; text-size-adjust: none; border: 0px; font-size: 13px; vertical-align: baseline; text-align: justify; color: #4f4f4f; font-family: 'Open Sans', sans-serif; background-color: #f3f3f3;\">Concr\u00e8tement, les parties et leurs Avocats se r\u00e9unissent ensemble\u00a0: ces r\u00e9unions suivent un ordre du jour, les parties travaillent en \u00e9quipe et respectent des r\u00e8gles de communication.<\/p><p style=\"padding: 0px; margin-right: 0px; margin-bottom: 10px; margin-left: 0px; text-size-adjust: none; border: 0px; font-size: 13px; vertical-align: baseline; text-align: justify; color: #4f4f4f; font-family: 'Open Sans', sans-serif; background-color: #f3f3f3;\">Les Avocats favorisent les \u00e9changes en utilisant des outils comme l\u2019\u00e9coute active et la reformulation.<\/p><p style=\"padding: 0px; margin-right: 0px; margin-bottom: 10px; margin-left: 0px; text-size-adjust: none; border: 0px; font-size: 13px; vertical-align: baseline; text-align: justify; color: #4f4f4f; font-family: 'Open Sans', sans-serif; background-color: #f3f3f3;\">Entre chaque r\u00e9union collective, les Avocats et leurs clients travaillent de leur c\u00f4t\u00e9, soit pour d\u00e9briefer la r\u00e9union pr\u00e9c\u00e9dente, soit pour pr\u00e9parer la r\u00e9union suivante.<\/p>\t\t\t\t\t\t\t\t<\/div>\n\t\t\t\t<\/div>\n\t\t\t\t\t<\/div>\n\t\t<\/div>\n\t\t\t\t\t<\/div>\n\t\t<\/section>\n\t\t\t\t\t<\/div>\n\t\t<\/div>\n\t\t\t\t\t<\/div>\n\t\t<\/section>\n\t\t\t\t<section class=\"elementor-section elementor-top-section elementor-element elementor-element-4e430b4 elementor-section-boxed elementor-section-height-default elementor-section-height-default\" data-id=\"4e430b4\" data-element_type=\"section\" data-e-type=\"section\">\n\t\t\t\t\t\t<div class=\"elementor-container elementor-column-gap-default\">\n\t\t\t\t\t<div class=\"elementor-column elementor-col-100 elementor-top-column elementor-element elementor-element-3a24944\" data-id=\"3a24944\" data-element_type=\"column\" data-e-type=\"column\">\n\t\t\t<div class=\"elementor-widget-wrap elementor-element-populated\">\n\t\t\t\t\t\t<section class=\"elementor-section elementor-inner-section elementor-element elementor-element-f769be9 elementor-section-boxed elementor-section-height-default elementor-section-height-default\" data-id=\"f769be9\" data-element_type=\"section\" data-e-type=\"section\">\n\t\t\t\t\t\t<div class=\"elementor-container elementor-column-gap-default\">\n\t\t\t\t\t<div class=\"elementor-column elementor-col-50 elementor-inner-column elementor-element elementor-element-0cd51af\" data-id=\"0cd51af\" data-element_type=\"column\" data-e-type=\"column\">\n\t\t\t<div class=\"elementor-widget-wrap elementor-element-populated\">\n\t\t\t\t\t\t<div class=\"elementor-element elementor-element-50f878b elementor-widget elementor-widget-text-editor\" data-id=\"50f878b\" data-element_type=\"widget\" data-e-type=\"widget\" data-widget_type=\"text-editor.default\">\n\t\t\t\t<div class=\"elementor-widget-container\">\n\t\t\t\t\t\t\t\t\t<h2 style=\"padding: 0px; margin: 10px 0px 5px; text-size-adjust: none; border: 0px; font-size: 19px; vertical-align: baseline; color: rgb(42, 110, 182); font-family: &quot;Open Sans&quot;, sans-serif; background-color: rgb(243, 243, 243);\">Quelles sont les \u00e9tapes du processus collaboratif&nbsp;?<\/h2><p style=\"padding: 0px; margin-right: 0px; margin-bottom: 10px; margin-left: 0px; text-size-adjust: none; border: 0px; font-size: 13px; vertical-align: baseline; text-align: justify; color: rgb(79, 79, 79); font-family: &quot;Open Sans&quot;, sans-serif; background-color: rgb(243, 243, 243);\">Le&nbsp;<strong style=\"padding: 0px; margin: 0px; text-size-adjust: none; border: 0px; vertical-align: baseline;\">processus collaboratif<\/strong>&nbsp;est compos\u00e9 de cinq \u00e9tapes qui se suivent dans un ordre bien pr\u00e9cis, dans une succession de r\u00e9unions avec les parties et leurs Avocats&nbsp;:<\/p><p style=\"padding: 0px; margin-right: 0px; margin-bottom: 10px; margin-left: 0px; text-size-adjust: none; border: 0px; font-size: 13px; vertical-align: baseline; text-align: justify; color: rgb(79, 79, 79); font-family: &quot;Open Sans&quot;, sans-serif; background-color: rgb(243, 243, 243);\"><u style=\"padding: 0px; margin: 0px; text-size-adjust: none; border: 0px; vertical-align: baseline;\">Etape 1<\/u>&nbsp;: l\u2019\u00e9tat des lieux, le r\u00e9cit, l\u2019expos\u00e9. Les parties expriment leur conflit, ce qui leur permet de se mettre en condition de travailler ensemble de mani\u00e8re rationnelle.<\/p><p style=\"padding: 0px; margin-right: 0px; margin-bottom: 10px; margin-left: 0px; text-size-adjust: none; border: 0px; font-size: 13px; vertical-align: baseline; text-align: justify; color: rgb(79, 79, 79); font-family: &quot;Open Sans&quot;, sans-serif; background-color: rgb(243, 243, 243);\"><u style=\"padding: 0px; margin: 0px; text-size-adjust: none; border: 0px; vertical-align: baseline;\">Etape 2<\/u>&nbsp;: les int\u00e9r\u00eats, les besoins, les pr\u00e9occupations, les valeurs et les motivations&nbsp;: cette \u00e9tape permet aux parties de passer de position contraire dite \u00ab&nbsp;antagoniste&nbsp;\u00bb \u00e0 des positions qui se rejoignent. Les besoins communs sont toujours sup\u00e9rieurs aux besoins oppos\u00e9s.<\/p><p style=\"padding: 0px; margin-right: 0px; margin-bottom: 10px; margin-left: 0px; text-size-adjust: none; border: 0px; font-size: 13px; vertical-align: baseline; text-align: justify; color: rgb(79, 79, 79); font-family: &quot;Open Sans&quot;, sans-serif; background-color: rgb(243, 243, 243);\"><u style=\"padding: 0px; margin: 0px; text-size-adjust: none; border: 0px; vertical-align: baseline;\">Etape 3<\/u>&nbsp;: les \u00e9l\u00e9ments objectifs&nbsp;: les Avocats pr\u00e9sentent la situation juridique et sollicitent, au besoin, l\u2019aide de tiers (notaire, expert-comptable ou financier&#8230;). Les Avocats pr\u00e9sentent un audit complet \u00e9valuant toutes les hypoth\u00e8ses juridiques et financi\u00e8res de la situation. Les parties sont ainsi pleinement \u00e9clair\u00e9es.<\/p><p style=\"padding: 0px; margin-right: 0px; margin-bottom: 10px; margin-left: 0px; text-size-adjust: none; border: 0px; font-size: 13px; vertical-align: baseline; text-align: justify; color: rgb(79, 79, 79); font-family: &quot;Open Sans&quot;, sans-serif; background-color: rgb(243, 243, 243);\"><u style=\"padding: 0px; margin: 0px; text-size-adjust: none; border: 0px; vertical-align: baseline;\">Etape 4<\/u>&nbsp;: les options&nbsp;: chacune des parties expose les possibilit\u00e9s de r\u00e9solution du conflit. Il s\u2019agit d\u2019une \u00e9tape particuli\u00e8rement cr\u00e9ative o\u00f9 les parties ouvrent le champ des possibles.<\/p><p style=\"padding: 0px; margin-right: 0px; margin-bottom: 10px; margin-left: 0px; text-size-adjust: none; border: 0px; font-size: 13px; vertical-align: baseline; text-align: justify; color: rgb(79, 79, 79); font-family: &quot;Open Sans&quot;, sans-serif; background-color: rgb(243, 243, 243);\"><u style=\"padding: 0px; margin: 0px; text-size-adjust: none; border: 0px; vertical-align: baseline;\">Etape 5<\/u>&nbsp;: les offres&nbsp;: \u00e0 l\u2019aide des comptes-rendus de chaque r\u00e9union, chaque Avocat aide son client \u00e0 construire trois offres. L\u2019Avocat veille \u00e0 ce que les options choisies r\u00e9pondent aux besoins de l\u2019un et de l\u2019autre et soient juridiquement possibles. A cette derni\u00e8re r\u00e9union, chaque partie pr\u00e9sente ses trois offres. Au mieux, il sera constat\u00e9 une offre commune. Dans le cas contraire, les Avocats et leurs clients proc\u00e8dent \u00e0 un panachage des trois offres pour finaliser l\u2019accord.<\/p><p style=\"padding: 0px; margin-right: 0px; margin-bottom: 10px; margin-left: 0px; text-size-adjust: none; border: 0px; font-size: 13px; vertical-align: baseline; text-align: justify; color: rgb(79, 79, 79); font-family: &quot;Open Sans&quot;, sans-serif; background-color: rgb(243, 243, 243);\">Le&nbsp;<strong style=\"padding: 0px; margin: 0px; text-size-adjust: none; border: 0px; vertical-align: baseline;\">droit collaboratif<\/strong>&nbsp;est un mode alternatif au contentieux particuli\u00e8rement innovant et efficace qui n\u00e9cessite que les Avocats menant le processus soient pleinement form\u00e9s.<\/p><p style=\"padding: 0px; margin-right: 0px; margin-bottom: 10px; margin-left: 0px; text-size-adjust: none; border: 0px; font-size: 13px; vertical-align: baseline; text-align: justify; color: rgb(79, 79, 79); font-family: &quot;Open Sans&quot;, sans-serif; background-color: rgb(243, 243, 243);\">Le processus collaboratif est un outil qui permet aux Avocats de mieux accompagner leur client dans la recherche d\u2019une solution durable \u00e0 leur conflit. Le droit collaboratif est une alternative au contentieux et la garantie d\u2019un accord p\u00e9renne.<\/p><p style=\"padding: 0px; margin-right: 0px; margin-bottom: 10px; margin-left: 0px; text-size-adjust: none; border: 0px; font-size: 13px; vertical-align: baseline; text-align: justify; color: rgb(79, 79, 79); font-family: &quot;Open Sans&quot;, sans-serif; background-color: rgb(243, 243, 243);\">Intervenant sur&nbsp;<strong style=\"padding: 0px; margin: 0px; text-size-adjust: none; border: 0px; vertical-align: baseline;\">Valenciennes<\/strong>&nbsp;et&nbsp;<strong style=\"padding: 0px; margin: 0px; text-size-adjust: none; border: 0px; vertical-align: baseline;\">Denain<\/strong>&nbsp;(proche&nbsp;<strong style=\"padding: 0px; margin: 0px; text-size-adjust: none; border: 0px; vertical-align: baseline;\">Cambrai<\/strong>,&nbsp;<strong style=\"padding: 0px; margin: 0px; text-size-adjust: none; border: 0px; vertical-align: baseline;\">Douai<\/strong>,&nbsp;<strong style=\"padding: 0px; margin: 0px; text-size-adjust: none; border: 0px; vertical-align: baseline;\">St-Amand-les-Eaux<\/strong>), Ma\u00eetre Christelle MATHIEU, sensibilis\u00e9e depuis plusieurs ann\u00e9es aux Modes Amiables de R\u00e9solution des Diff\u00e9rends (MARD) est form\u00e9e en tant qu&rsquo;<strong style=\"padding: 0px; margin: 0px; text-size-adjust: none; border: 0px; vertical-align: baseline;\">avocat au droit collaboratif<\/strong>. Ma\u00eetre Christelle MATHIEU est membre de l\u2019Association Fran\u00e7aise des Praticiens du Droit Collaboratif.<\/p>\t\t\t\t\t\t\t\t<\/div>\n\t\t\t\t<\/div>\n\t\t\t\t\t<\/div>\n\t\t<\/div>\n\t\t\t\t<div class=\"elementor-column elementor-col-50 elementor-inner-column elementor-element elementor-element-5124677\" data-id=\"5124677\" data-element_type=\"column\" data-e-type=\"column\">\n\t\t\t<div class=\"elementor-widget-wrap\">\n\t\t\t\t\t\t\t<\/div>\n\t\t<\/div>\n\t\t\t\t\t<\/div>\n\t\t<\/section>\n\t\t\t\t\t<\/div>\n\t\t<\/div>\n\t\t\t\t\t<\/div>\n\t\t<\/section>\n\t\t\t\t<\/div>\n\t\t","protected":false},"excerpt":{"rendered":"<p>Le droit collaboratif\u00a0: qu\u2019est-ce que c\u2019est\u00a0? Le\u00a0droit collaboratif\u00a0est un processus alternatif au contentieux, men\u00e9 par des Avocats. Le droit collaboratif se d\u00e9veloppe en France depuis 2007 d\u2019abord en mati\u00e8re familiale puis depuis 2012 dans les autres domaines du droit comme le droit des affaires, le droit m\u00e9dical, le droit social, le droit civil etc. Le\u00a0processus [&hellip;]<\/p>\n","protected":false},"author":1,"featured_media":0,"parent":0,"menu_order":0,"comment_status":"closed","ping_status":"closed","template":"","meta":{"footnotes":""},"class_list":["post-129","page","type-page","status-publish","hentry"],"_links":{"self":[{"href":"https:\/\/minet-mathieu-avocats.fr\/index.php?rest_route=\/wp\/v2\/pages\/129","targetHints":{"allow":["GET"]}}],"collection":[{"href":"https:\/\/minet-mathieu-avocats.fr\/index.php?rest_route=\/wp\/v2\/pages"}],"about":[{"href":"https:\/\/minet-mathieu-avocats.fr\/index.php?rest_route=\/wp\/v2\/types\/page"}],"author":[{"embeddable":true,"href":"https:\/\/minet-mathieu-avocats.fr\/index.php?rest_route=\/wp\/v2\/users\/1"}],"replies":[{"embeddable":true,"href":"https:\/\/minet-mathieu-avocats.fr\/index.php?rest_route=%2Fwp%2Fv2%2Fcomments&post=129"}],"version-history":[{"count":4,"href":"https:\/\/minet-mathieu-avocats.fr\/index.php?rest_route=\/wp\/v2\/pages\/129\/revisions"}],"predecessor-version":[{"id":153,"href":"https:\/\/minet-mathieu-avocats.fr\/index.php?rest_route=\/wp\/v2\/pages\/129\/revisions\/153"}],"wp:attachment":[{"href":"https:\/\/minet-mathieu-avocats.fr\/index.php?rest_route=%2Fwp%2Fv2%2Fmedia&parent=129"}],"curies":[{"name":"wp","href":"https:\/\/api.w.org\/{rel}","templated":true}]}}