{"id":187,"date":"2022-12-25T23:52:41","date_gmt":"2022-12-25T22:52:41","guid":{"rendered":"https:\/\/minet-mathieu-avocats.fr\/?page_id=187"},"modified":"2022-12-25T23:55:07","modified_gmt":"2022-12-25T22:55:07","slug":"mediation-familiale","status":"publish","type":"page","link":"https:\/\/minet-mathieu-avocats.fr\/?page_id=187","title":{"rendered":"M\u00e9diation Familiale"},"content":{"rendered":"\t\t<div data-elementor-type=\"wp-page\" data-elementor-id=\"187\" class=\"elementor elementor-187\" data-elementor-post-type=\"page\">\n\t\t\t\t\t\t<section class=\"elementor-section elementor-top-section elementor-element elementor-element-079673d elementor-section-boxed elementor-section-height-default elementor-section-height-default\" data-id=\"079673d\" data-element_type=\"section\" data-e-type=\"section\">\n\t\t\t\t\t\t<div class=\"elementor-container elementor-column-gap-default\">\n\t\t\t\t\t<div class=\"elementor-column elementor-col-100 elementor-top-column elementor-element elementor-element-87f33db\" data-id=\"87f33db\" data-element_type=\"column\" data-e-type=\"column\">\n\t\t\t<div class=\"elementor-widget-wrap elementor-element-populated\">\n\t\t\t\t\t\t<section class=\"elementor-section elementor-inner-section elementor-element elementor-element-af7d1db elementor-section-boxed elementor-section-height-default elementor-section-height-default\" data-id=\"af7d1db\" data-element_type=\"section\" data-e-type=\"section\">\n\t\t\t\t\t\t<div class=\"elementor-container elementor-column-gap-default\">\n\t\t\t\t\t<div class=\"elementor-column elementor-col-50 elementor-inner-column elementor-element elementor-element-2ac202e\" data-id=\"2ac202e\" data-element_type=\"column\" data-e-type=\"column\">\n\t\t\t<div class=\"elementor-widget-wrap elementor-element-populated\">\n\t\t\t\t\t\t<div class=\"elementor-element elementor-element-976fb50 elementor-widget elementor-widget-text-editor\" data-id=\"976fb50\" data-element_type=\"widget\" data-e-type=\"widget\" data-widget_type=\"text-editor.default\">\n\t\t\t\t<div class=\"elementor-widget-container\">\n\t\t\t\t\t\t\t\t\t<h2 style=\"padding: 0px; margin: 10px 0px 5px; text-size-adjust: none; border: 0px; font-size: 19px; vertical-align: baseline; color: #2a6eb6; font-family: 'Open Sans', sans-serif; background-color: #f3f3f3;\">Qu\u2019est-ce que la m\u00e9diation familiale\u00a0?<\/h2><p style=\"padding: 0px; margin-right: 0px; margin-bottom: 10px; margin-left: 0px; text-size-adjust: none; border: 0px; font-size: 13px; vertical-align: baseline; text-align: justify; color: #4f4f4f; font-family: 'Open Sans', sans-serif; background-color: #f3f3f3;\">La m\u00e9diation familiale permet aux personnes en conflit familial de les aider \u00e0 renouer un dialogue et \u00e0 prendre des d\u00e9cisions importantes pour chacun.<\/p><p style=\"padding: 0px; margin-right: 0px; margin-bottom: 10px; margin-left: 0px; text-size-adjust: none; border: 0px; font-size: 13px; vertical-align: baseline; text-align: justify; color: #4f4f4f; font-family: 'Open Sans', sans-serif; background-color: #f3f3f3;\">La m\u00e9diation familiale est avant tout un espace de parole et de d\u00e9cision.<\/p><p style=\"padding: 0px; margin-right: 0px; margin-bottom: 10px; margin-left: 0px; text-size-adjust: none; border: 0px; font-size: 13px; vertical-align: baseline; text-align: justify; color: #4f4f4f; font-family: 'Open Sans', sans-serif; background-color: #f3f3f3;\">La m\u00e9diation familiale concerne des couples qui ne parviennent plus \u00e0 se parler ou \u00e0 prendre une d\u00e9cision importante.<\/p><p style=\"padding: 0px; margin-right: 0px; margin-bottom: 10px; margin-left: 0px; text-size-adjust: none; border: 0px; font-size: 13px; vertical-align: baseline; text-align: justify; color: #4f4f4f; font-family: 'Open Sans', sans-serif; background-color: #f3f3f3;\">La m\u00e9diation familiale concerne \u00e9galement des personnes en situation de s\u00e9paration et de divorce\u00a0: celles et ceux qui r\u00e9fl\u00e9chissent \u00e0 se s\u00e9parer et qui souhaitent \u00eatre aid\u00e9s \u00e0 clarifier leurs choix, celles et ceux qui avant ou pendant une proc\u00e9dure de s\u00e9paration souhaitent \u00eatre accompagn\u00e9s, les parents s\u00e9par\u00e9s qui souhaitent organiser autrement leur relation et notamment leur fa\u00e7on de vivre avec leurs enfants, des familles recompos\u00e9es qui ont besoin de soutien.<\/p><p style=\"padding: 0px; margin-right: 0px; margin-bottom: 10px; margin-left: 0px; text-size-adjust: none; border: 0px; font-size: 13px; vertical-align: baseline; text-align: justify; color: #4f4f4f; font-family: 'Open Sans', sans-serif; background-color: #f3f3f3;\">La m\u00e9diation familiale concerne tous les couples (couples h\u00e9t\u00e9rosexuels et couples homosexuels) et toutes les familles (familles recompos\u00e9es, familles monoparentales etc.).<\/p><p style=\"padding: 0px; margin-right: 0px; margin-bottom: 10px; margin-left: 0px; text-size-adjust: none; border: 0px; font-size: 13px; vertical-align: baseline; text-align: justify; color: #4f4f4f; font-family: 'Open Sans', sans-serif; background-color: #f3f3f3;\">\u00a0<\/p>\t\t\t\t\t\t\t\t<\/div>\n\t\t\t\t<\/div>\n\t\t\t\t\t<\/div>\n\t\t<\/div>\n\t\t\t\t<div class=\"elementor-column elementor-col-50 elementor-inner-column elementor-element elementor-element-59e7c8e\" data-id=\"59e7c8e\" data-element_type=\"column\" data-e-type=\"column\">\n\t\t\t<div class=\"elementor-widget-wrap\">\n\t\t\t\t\t\t\t<\/div>\n\t\t<\/div>\n\t\t\t\t\t<\/div>\n\t\t<\/section>\n\t\t\t\t\t<\/div>\n\t\t<\/div>\n\t\t\t\t\t<\/div>\n\t\t<\/section>\n\t\t\t\t<section class=\"elementor-section elementor-top-section elementor-element elementor-element-ff3ce8d elementor-section-boxed elementor-section-height-default elementor-section-height-default\" data-id=\"ff3ce8d\" data-element_type=\"section\" data-e-type=\"section\">\n\t\t\t\t\t\t<div class=\"elementor-container elementor-column-gap-default\">\n\t\t\t\t\t<div class=\"elementor-column elementor-col-100 elementor-top-column elementor-element elementor-element-99fb5dd\" data-id=\"99fb5dd\" data-element_type=\"column\" data-e-type=\"column\">\n\t\t\t<div class=\"elementor-widget-wrap elementor-element-populated\">\n\t\t\t\t\t\t<section class=\"elementor-section elementor-inner-section elementor-element elementor-element-d2f8d68 elementor-section-boxed elementor-section-height-default elementor-section-height-default\" data-id=\"d2f8d68\" data-element_type=\"section\" data-e-type=\"section\">\n\t\t\t\t\t\t<div class=\"elementor-container elementor-column-gap-default\">\n\t\t\t\t\t<div class=\"elementor-column elementor-col-50 elementor-inner-column elementor-element elementor-element-96519e9\" data-id=\"96519e9\" data-element_type=\"column\" data-e-type=\"column\">\n\t\t\t<div class=\"elementor-widget-wrap\">\n\t\t\t\t\t\t\t<\/div>\n\t\t<\/div>\n\t\t\t\t<div class=\"elementor-column elementor-col-50 elementor-inner-column elementor-element elementor-element-754fc19\" data-id=\"754fc19\" data-element_type=\"column\" data-e-type=\"column\">\n\t\t\t<div class=\"elementor-widget-wrap elementor-element-populated\">\n\t\t\t\t\t\t<div class=\"elementor-element elementor-element-adcd795 elementor-widget elementor-widget-text-editor\" data-id=\"adcd795\" data-element_type=\"widget\" data-e-type=\"widget\" data-widget_type=\"text-editor.default\">\n\t\t\t\t<div class=\"elementor-widget-container\">\n\t\t\t\t\t\t\t\t\t<p style=\"margin-right: 0px; margin-bottom: 10px; margin-left: 0px; padding: 0px; text-size-adjust: none; border: 0px; font-size: 13px; vertical-align: baseline; text-align: justify; color: #4f4f4f; font-family: 'Open Sans', sans-serif; background-color: #f3f3f3;\">Les personnes concern\u00e9es par la m\u00e9diation familiale sont encore celles en situation de conflit au sein de la famille\u00a0: des grands-parents en d\u00e9saccord avec les parents, des parents et leurs enfants qui ont besoin de parler de leur relation, des fr\u00e8res et s\u0153urs qui doivent prendre une d\u00e9cision ensemble concernant les affaires de succession ou de d\u00e9pendance d\u2019un parent \u00e2g\u00e9 ou d\u2019un parent en situation de handicap et qui ne parviennent plus \u00e0 dialoguer, un parent qui souhaite prendre ou reprendre contact apr\u00e8s une absence prolong\u00e9e.<\/p><p style=\"margin-right: 0px; margin-bottom: 10px; margin-left: 0px; padding: 0px; text-size-adjust: none; border: 0px; font-size: 13px; vertical-align: baseline; text-align: justify; color: #4f4f4f; font-family: 'Open Sans', sans-serif; background-color: #f3f3f3;\">Ces situations de conflits, parfois anciens, de tensions et d\u2019incompr\u00e9hensions, m\u00e9ritent d\u2019\u00eatre appr\u00e9hend\u00e9es dans un espace de dialogue respectueux et constructif qu\u2019offre la m\u00e9diation familiale.<\/p><p style=\"margin-right: 0px; margin-bottom: 10px; margin-left: 0px; padding: 0px; text-size-adjust: none; border: 0px; font-size: 13px; vertical-align: baseline; text-align: justify; color: #4f4f4f; font-family: 'Open Sans', sans-serif; background-color: #f3f3f3;\"><span style=\"font-weight: bolder; padding: 0px; margin: 0px; text-size-adjust: none; border: 0px; vertical-align: baseline;\">Ma\u00eetre Christelle MATHIEU,<\/span>\u00a0m\u00e9diatrice met en place des m\u00e9diations familiales conventionnelles sur\u00a0<span style=\"font-weight: bolder; padding: 0px; margin: 0px; text-size-adjust: none; border: 0px; vertical-align: baseline;\">Valenciennes<\/span>\u00a0et\u00a0<span style=\"font-weight: bolder; padding: 0px; margin: 0px; text-size-adjust: none; border: 0px; vertical-align: baseline;\">Denain<\/span>\u00a0(proche\u00a0<span style=\"font-weight: bolder; padding: 0px; margin: 0px; text-size-adjust: none; border: 0px; vertical-align: baseline;\">Saint-Amand-les-Eaux<\/span>,\u00a0<span style=\"font-weight: bolder; padding: 0px; margin: 0px; text-size-adjust: none; border: 0px; vertical-align: baseline;\">Douai<\/span>,\u00a0<span style=\"font-weight: bolder; padding: 0px; margin: 0px; text-size-adjust: none; border: 0px; vertical-align: baseline;\">Cambrai<\/span>).<\/p>\t\t\t\t\t\t\t\t<\/div>\n\t\t\t\t<\/div>\n\t\t\t\t\t<\/div>\n\t\t<\/div>\n\t\t\t\t\t<\/div>\n\t\t<\/section>\n\t\t\t\t\t<\/div>\n\t\t<\/div>\n\t\t\t\t\t<\/div>\n\t\t<\/section>\n\t\t\t\t<\/div>\n\t\t","protected":false},"excerpt":{"rendered":"<p>Qu\u2019est-ce que la m\u00e9diation familiale\u00a0? La m\u00e9diation familiale permet aux personnes en conflit familial de les aider \u00e0 renouer un dialogue et \u00e0 prendre des d\u00e9cisions importantes pour chacun. La m\u00e9diation familiale est avant tout un espace de parole et de d\u00e9cision. La m\u00e9diation familiale concerne des couples qui ne parviennent plus \u00e0 se parler [&hellip;]<\/p>\n","protected":false},"author":1,"featured_media":0,"parent":0,"menu_order":0,"comment_status":"closed","ping_status":"closed","template":"","meta":{"footnotes":""},"class_list":["post-187","page","type-page","status-publish","hentry"],"_links":{"self":[{"href":"https:\/\/minet-mathieu-avocats.fr\/index.php?rest_route=\/wp\/v2\/pages\/187","targetHints":{"allow":["GET"]}}],"collection":[{"href":"https:\/\/minet-mathieu-avocats.fr\/index.php?rest_route=\/wp\/v2\/pages"}],"about":[{"href":"https:\/\/minet-mathieu-avocats.fr\/index.php?rest_route=\/wp\/v2\/types\/page"}],"author":[{"embeddable":true,"href":"https:\/\/minet-mathieu-avocats.fr\/index.php?rest_route=\/wp\/v2\/users\/1"}],"replies":[{"embeddable":true,"href":"https:\/\/minet-mathieu-avocats.fr\/index.php?rest_route=%2Fwp%2Fv2%2Fcomments&post=187"}],"version-history":[{"count":7,"href":"https:\/\/minet-mathieu-avocats.fr\/index.php?rest_route=\/wp\/v2\/pages\/187\/revisions"}],"predecessor-version":[{"id":194,"href":"https:\/\/minet-mathieu-avocats.fr\/index.php?rest_route=\/wp\/v2\/pages\/187\/revisions\/194"}],"wp:attachment":[{"href":"https:\/\/minet-mathieu-avocats.fr\/index.php?rest_route=%2Fwp%2Fv2%2Fmedia&parent=187"}],"curies":[{"name":"wp","href":"https:\/\/api.w.org\/{rel}","templated":true}]}}