{"id":244,"date":"2022-12-26T00:13:04","date_gmt":"2022-12-25T23:13:04","guid":{"rendered":"https:\/\/minet-mathieu-avocats.fr\/?page_id=244"},"modified":"2022-12-26T00:13:57","modified_gmt":"2022-12-25T23:13:57","slug":"licenciement","status":"publish","type":"page","link":"https:\/\/minet-mathieu-avocats.fr\/?page_id=244","title":{"rendered":"Licenciement"},"content":{"rendered":"\t\t<div data-elementor-type=\"wp-page\" data-elementor-id=\"244\" class=\"elementor elementor-244\" data-elementor-post-type=\"page\">\n\t\t\t\t\t\t<section class=\"elementor-section elementor-top-section elementor-element elementor-element-9710700 elementor-section-boxed elementor-section-height-default elementor-section-height-default\" data-id=\"9710700\" data-element_type=\"section\" data-e-type=\"section\">\n\t\t\t\t\t\t<div class=\"elementor-container elementor-column-gap-default\">\n\t\t\t\t\t<div class=\"elementor-column elementor-col-100 elementor-top-column elementor-element elementor-element-c64f93c\" data-id=\"c64f93c\" data-element_type=\"column\" data-e-type=\"column\">\n\t\t\t<div class=\"elementor-widget-wrap elementor-element-populated\">\n\t\t\t\t\t\t<section class=\"elementor-section elementor-inner-section elementor-element elementor-element-93ef957 elementor-section-boxed elementor-section-height-default elementor-section-height-default\" data-id=\"93ef957\" data-element_type=\"section\" data-e-type=\"section\">\n\t\t\t\t\t\t<div class=\"elementor-container elementor-column-gap-default\">\n\t\t\t\t\t<div class=\"elementor-column elementor-col-50 elementor-inner-column elementor-element elementor-element-826aa1f\" data-id=\"826aa1f\" data-element_type=\"column\" data-e-type=\"column\">\n\t\t\t<div class=\"elementor-widget-wrap elementor-element-populated\">\n\t\t\t\t\t\t<div class=\"elementor-element elementor-element-d3a6ad9 elementor-widget elementor-widget-text-editor\" data-id=\"d3a6ad9\" data-element_type=\"widget\" data-e-type=\"widget\" data-widget_type=\"text-editor.default\">\n\t\t\t\t<div class=\"elementor-widget-container\">\n\t\t\t\t\t\t\t\t\t<h1 style=\"padding: 0px; margin: 0px 0px 15px; text-size-adjust: none; border: 0px; font-size: 24px; vertical-align: baseline; color: #2a6eb6; font-weight: bold; font-family: 'Open Sans', sans-serif; background-color: #f3f3f3;\">Avocat droit du travail \u00e0 Valenciennes et Denain<\/h1><p style=\"padding: 0px; margin-right: 0px; margin-bottom: 10px; margin-left: 0px; text-size-adjust: none; border: 0px; font-size: 13px; vertical-align: baseline; text-align: justify; color: #4f4f4f; font-family: 'Open Sans', sans-serif; background-color: #f3f3f3;\"><a style=\"padding: 0px; margin: 0px; text-size-adjust: none; border: 0px; vertical-align: baseline; text-decoration-line: underline; color: #5292a3; outline: none;\" href=\"file:\/\/\/D:\/SynologyDrive\/clients-pro\/minet-mathieu%20avocats\/minet-mathieu\/www.minet-mathieu-avocats.fr\/cabinet-avocat-valenciennes.html\">Ma\u00eetre Christelle MATHIEU<\/a>,\u00a0<strong style=\"padding: 0px; margin: 0px; text-size-adjust: none; border: 0px; vertical-align: baseline;\">Avocat en Droit du Travail<\/strong>\u00a0et de la Protection Sociale intervient dans toute la r\u00e9gion des\u00a0<strong style=\"padding: 0px; margin: 0px; text-size-adjust: none; border: 0px; vertical-align: baseline;\">Hauts de France<\/strong>\u00a0et principalement dans les arrondissements de\u00a0<strong style=\"padding: 0px; margin: 0px; text-size-adjust: none; border: 0px; vertical-align: baseline;\">Valenciennes<\/strong>, de\u00a0<strong style=\"padding: 0px; margin: 0px; text-size-adjust: none; border: 0px; vertical-align: baseline;\">Denain<\/strong>\u00a0de Lille, de\u00a0<strong style=\"padding: 0px; margin: 0px; text-size-adjust: none; border: 0px; vertical-align: baseline;\">Cambrai<\/strong>, de\u00a0<strong style=\"padding: 0px; margin: 0px; text-size-adjust: none; border: 0px; vertical-align: baseline;\">Douai<\/strong>, de Maubeuge, de\u00a0<strong style=\"padding: 0px; margin: 0px; text-size-adjust: none; border: 0px; vertical-align: baseline;\">Saint-Amand-les-Eaux<\/strong>, de Saint Quentin et dans la France enti\u00e8re.<\/p><p style=\"padding: 0px; margin-right: 0px; margin-bottom: 10px; margin-left: 0px; text-size-adjust: none; border: 0px; font-size: 13px; vertical-align: baseline; text-align: justify; color: #4f4f4f; font-family: 'Open Sans', sans-serif; background-color: #f3f3f3;\">Le monde du travail est complexe et concurrentiel. Les relations entre les\u00a0<strong style=\"padding: 0px; margin: 0px; text-size-adjust: none; border: 0px; vertical-align: baseline;\">salari\u00e9s<\/strong>\u00a0et les\u00a0<strong style=\"padding: 0px; margin: 0px; text-size-adjust: none; border: 0px; vertical-align: baseline;\">employeurs<\/strong>\u00a0peuvent se durcir et les tensions se multiplier.<\/p><p style=\"padding: 0px; margin-right: 0px; margin-bottom: 10px; margin-left: 0px; text-size-adjust: none; border: 0px; font-size: 13px; vertical-align: baseline; text-align: justify; color: #4f4f4f; font-family: 'Open Sans', sans-serif; background-color: #f3f3f3;\">La densit\u00e9 de la\u00a0<strong style=\"padding: 0px; margin: 0px; text-size-adjust: none; border: 0px; vertical-align: baseline;\">l\u00e9gislation du travail<\/strong>\u00a0et sa complexit\u00e9 contraignent d\u2019actualiser et d\u2019enrichir ses connaissances en permanence. L\u2019<strong style=\"padding: 0px; margin: 0px; text-size-adjust: none; border: 0px; vertical-align: baseline;\">Avocat en droit du travail<\/strong>\u00a0doit \u00eatre rompu \u00e0 ce domaine juridique pour conseiller efficacement.<\/p><h2 style=\"padding: 0px; margin: 10px 0px 5px; text-size-adjust: none; border: 0px; font-size: 19px; vertical-align: baseline; color: #2a6eb6; font-family: 'Open Sans', sans-serif; background-color: #f3f3f3;\">Les comp\u00e9tences de votre avocat en droit du travail<\/h2><p style=\"padding: 0px; margin-right: 0px; margin-bottom: 10px; margin-left: 0px; text-size-adjust: none; border: 0px; font-size: 13px; vertical-align: baseline; text-align: justify; color: #4f4f4f; font-family: 'Open Sans', sans-serif; background-color: #f3f3f3;\">Bas\u00e9 \u00e0\u00a0<strong style=\"padding: 0px; margin: 0px; text-size-adjust: none; border: 0px; vertical-align: baseline;\">Valenciennes<\/strong>\u00a0et\u00a0<strong style=\"padding: 0px; margin: 0px; text-size-adjust: none; border: 0px; vertical-align: baseline;\">Denain<\/strong>\u00a0(proche\u00a0<strong style=\"padding: 0px; margin: 0px; text-size-adjust: none; border: 0px; vertical-align: baseline;\">Cambrai<\/strong>,\u00a0<strong style=\"padding: 0px; margin: 0px; text-size-adjust: none; border: 0px; vertical-align: baseline;\">Douai<\/strong>,\u00a0<strong style=\"padding: 0px; margin: 0px; text-size-adjust: none; border: 0px; vertical-align: baseline;\">Saint-Amand-les-Eaux<\/strong>), le cabinet de Ma\u00eetre Mathieu intervient depuis plusieurs ann\u00e9es aupr\u00e8s des salari\u00e9s, mais aussi des employeurs pour apaiser les conflits ou pour les repr\u00e9senter devant les<strong style=\"padding: 0px; margin: 0px; text-size-adjust: none; border: 0px; vertical-align: baseline;\">\u00a0Conseils de Prud\u2019hommes<\/strong>\u00a0et les Cours d\u2019appel.<\/p><p style=\"padding: 0px; margin-right: 0px; margin-bottom: 10px; margin-left: 0px; text-size-adjust: none; border: 0px; font-size: 13px; vertical-align: baseline; text-align: justify; color: #4f4f4f; font-family: 'Open Sans', sans-serif; background-color: #f3f3f3;\">Ma\u00eetre Christelle MATHIEU,\u00a0<strong style=\"padding: 0px; margin: 0px; text-size-adjust: none; border: 0px; vertical-align: baseline;\">Avocat en droit du travail<\/strong>\u00a0et\u00a0<a style=\"padding: 0px; margin: 0px; text-size-adjust: none; border: 0px; vertical-align: baseline; text-decoration-line: underline; color: #5292a3; outline: none;\" href=\"file:\/\/\/D:\/SynologyDrive\/clients-pro\/minet-mathieu%20avocats\/minet-mathieu\/www.minet-mathieu-avocats.fr\/mediateur-judiciaire-valenciennes.html\">m\u00e9diatrice<\/a>\u00a0intervient aupr\u00e8s des entreprises pour apaiser les conflits et \u00e9viter l\u2019escalade dans le conflit et apaiser la situation et bien souvent \u00e9viter la\u00a0<a style=\"padding: 0px; margin: 0px; text-size-adjust: none; border: 0px; vertical-align: baseline; text-decoration-line: underline; color: #5292a3; outline: none;\" href=\"file:\/\/\/D:\/SynologyDrive\/clients-pro\/minet-mathieu%20avocats\/minet-mathieu\/www.minet-mathieu-avocats.fr\/avocat-rupture-conventionnelle.html\">rupture du contrat de travail<\/a>.<\/p><p style=\"padding: 0px; margin-right: 0px; margin-bottom: 10px; margin-left: 0px; text-size-adjust: none; border: 0px; font-size: 13px; vertical-align: baseline; text-align: justify; color: #4f4f4f; font-family: 'Open Sans', sans-serif; background-color: #f3f3f3;\">La\u00a0<strong style=\"padding: 0px; margin: 0px; text-size-adjust: none; border: 0px; vertical-align: baseline;\">m\u00e9diation en entreprise\u00a0<\/strong>permet de mettre fin \u00e0\u00a0<strong style=\"padding: 0px; margin: 0px; text-size-adjust: none; border: 0px; vertical-align: baseline;\">la<\/strong>\u00a0<strong style=\"padding: 0px; margin: 0px; text-size-adjust: none; border: 0px; vertical-align: baseline;\">souffrance au travail<\/strong>\u00a0bien souvent g\u00e9n\u00e9r\u00e9e par le stress au travail,\u00a0<strong style=\"padding: 0px; margin: 0px; text-size-adjust: none; border: 0px; vertical-align: baseline;\">le harc\u00e8lement<\/strong>\u00a0de la hi\u00e9rarchie et bien souvent des coll\u00e8gues de travail.<\/p>\t\t\t\t\t\t\t\t<\/div>\n\t\t\t\t<\/div>\n\t\t\t\t\t<\/div>\n\t\t<\/div>\n\t\t\t\t<div class=\"elementor-column elementor-col-50 elementor-inner-column elementor-element elementor-element-7f30a9e\" data-id=\"7f30a9e\" data-element_type=\"column\" data-e-type=\"column\">\n\t\t\t<div class=\"elementor-widget-wrap\">\n\t\t\t\t\t\t\t<\/div>\n\t\t<\/div>\n\t\t\t\t\t<\/div>\n\t\t<\/section>\n\t\t\t\t\t<\/div>\n\t\t<\/div>\n\t\t\t\t\t<\/div>\n\t\t<\/section>\n\t\t\t\t<section class=\"elementor-section elementor-top-section elementor-element elementor-element-d14a09f elementor-section-boxed elementor-section-height-default elementor-section-height-default\" data-id=\"d14a09f\" data-element_type=\"section\" data-e-type=\"section\">\n\t\t\t\t\t\t<div class=\"elementor-container elementor-column-gap-default\">\n\t\t\t\t\t<div class=\"elementor-column elementor-col-100 elementor-top-column elementor-element elementor-element-c62e18d\" data-id=\"c62e18d\" data-element_type=\"column\" data-e-type=\"column\">\n\t\t\t<div class=\"elementor-widget-wrap elementor-element-populated\">\n\t\t\t\t\t\t<section class=\"elementor-section elementor-inner-section elementor-element elementor-element-052123f elementor-section-boxed elementor-section-height-default elementor-section-height-default\" data-id=\"052123f\" data-element_type=\"section\" data-e-type=\"section\">\n\t\t\t\t\t\t<div class=\"elementor-container elementor-column-gap-default\">\n\t\t\t\t\t<div class=\"elementor-column elementor-col-50 elementor-inner-column elementor-element elementor-element-0fda266\" data-id=\"0fda266\" data-element_type=\"column\" data-e-type=\"column\">\n\t\t\t<div class=\"elementor-widget-wrap\">\n\t\t\t\t\t\t\t<\/div>\n\t\t<\/div>\n\t\t\t\t<div class=\"elementor-column elementor-col-50 elementor-inner-column elementor-element elementor-element-7365e29\" data-id=\"7365e29\" data-element_type=\"column\" data-e-type=\"column\">\n\t\t\t<div class=\"elementor-widget-wrap elementor-element-populated\">\n\t\t\t\t\t\t<div class=\"elementor-element elementor-element-f095c16 elementor-widget elementor-widget-text-editor\" data-id=\"f095c16\" data-element_type=\"widget\" data-e-type=\"widget\" data-widget_type=\"text-editor.default\">\n\t\t\t\t<div class=\"elementor-widget-container\">\n\t\t\t\t\t\t\t\t\t<h2 style=\"padding: 0px; margin: 10px 0px 5px; text-size-adjust: none; border: 0px; font-size: 19px; vertical-align: baseline; color: #2a6eb6; font-family: 'Open Sans', sans-serif; background-color: #f3f3f3;\">Le champ d&rsquo;intervention de votre avocat<\/h2><p style=\"padding: 0px; margin-right: 0px; margin-bottom: 10px; margin-left: 0px; text-size-adjust: none; border: 0px; font-size: 13px; vertical-align: baseline; text-align: justify; color: #4f4f4f; font-family: 'Open Sans', sans-serif; background-color: #f3f3f3;\">Le cabinet de votre\u00a0<strong style=\"padding: 0px; margin: 0px; text-size-adjust: none; border: 0px; vertical-align: baseline;\">avocat en droit du travail<\/strong>\u00a0situ\u00e9 \u00e0\u00a0<strong style=\"padding: 0px; margin: 0px; text-size-adjust: none; border: 0px; vertical-align: baseline;\">Valenciennes<\/strong>\u00a0et\u00a0<strong style=\"padding: 0px; margin: 0px; text-size-adjust: none; border: 0px; vertical-align: baseline;\">Denain<\/strong>, pr\u00e8s de\u00a0<strong style=\"padding: 0px; margin: 0px; text-size-adjust: none; border: 0px; vertical-align: baseline;\">Saint-Amand-les-Eaux<\/strong>\u00a0et\u00a0<strong style=\"padding: 0px; margin: 0px; text-size-adjust: none; border: 0px; vertical-align: baseline;\">Douai<\/strong>, vous assiste dans tous les litiges li\u00e9s \u00e0 l\u2019ex\u00e9cution ou la rupture du contrat de travail\u00a0: souffrance au travail (accident du travail, maladie professionnelle, harc\u00e8lement moral, burn out, stress au travail, inaptitude professionnelle, discrimination en raison de l\u2019orientation sexuelle, des origines ou du handicap&#8230;), l\u2019\u00e9volution du contrat de travail (avenant au contrat de travail),\u00a0<a style=\"padding: 0px; margin: 0px; text-size-adjust: none; border: 0px; vertical-align: baseline; text-decoration-line: underline; color: #5292a3; outline: none;\" href=\"file:\/\/\/D:\/SynologyDrive\/clients-pro\/minet-mathieu%20avocats\/minet-mathieu\/www.minet-mathieu-avocats.fr\/avocat-rupture-conventionnelle.html\">rupture conventionnelle<\/a>, d\u00e9mission et prise d\u2019acte,\u00a0<a style=\"padding: 0px; margin: 0px; text-size-adjust: none; border: 0px; vertical-align: baseline; text-decoration-line: underline; color: #5292a3; outline: none;\" href=\"file:\/\/\/D:\/SynologyDrive\/clients-pro\/minet-mathieu%20avocats\/minet-mathieu\/www.minet-mathieu-avocats.fr\/avocat-licenciement-valenciennes.html\">licenciement<\/a>(cause r\u00e9elle et s\u00e9rieuse, faute grave, faute lourde), sanctions disciplinaires (avertissement, mise \u00e0 pied etc.).<\/p><p style=\"padding: 0px; margin-right: 0px; margin-bottom: 10px; margin-left: 0px; text-size-adjust: none; border: 0px; font-size: 13px; vertical-align: baseline; text-align: justify; color: #4f4f4f; font-family: 'Open Sans', sans-serif; background-color: #f3f3f3;\">Le cabinet d\u2019Avocat engage \u00e9galement les proc\u00e9dures devant le\u00a0<strong style=\"padding: 0px; margin: 0px; text-size-adjust: none; border: 0px; vertical-align: baseline;\">Tribunal des affaires de s\u00e9curit\u00e9 sociale\u00a0<\/strong>aux fins de faire reconna\u00eetre\u00a0<strong style=\"padding: 0px; margin: 0px; text-size-adjust: none; border: 0px; vertical-align: baseline;\">la<\/strong>\u00a0<strong style=\"padding: 0px; margin: 0px; text-size-adjust: none; border: 0px; vertical-align: baseline;\">faute inexcusable<\/strong>\u00a0de l\u2019employeur en cas de non-respect de son obligation de s\u00e9curit\u00e9 ayant entra\u00een\u00e9 un accident du travail ou une maladie professionnelle.<\/p>\t\t\t\t\t\t\t\t<\/div>\n\t\t\t\t<\/div>\n\t\t\t\t\t<\/div>\n\t\t<\/div>\n\t\t\t\t\t<\/div>\n\t\t<\/section>\n\t\t\t\t\t<\/div>\n\t\t<\/div>\n\t\t\t\t\t<\/div>\n\t\t<\/section>\n\t\t\t\t<\/div>\n\t\t","protected":false},"excerpt":{"rendered":"<p>Avocat droit du travail \u00e0 Valenciennes et Denain Ma\u00eetre Christelle MATHIEU,\u00a0Avocat en Droit du Travail\u00a0et de la Protection Sociale intervient dans toute la r\u00e9gion des\u00a0Hauts de France\u00a0et principalement dans les arrondissements de\u00a0Valenciennes, de\u00a0Denain\u00a0de Lille, de\u00a0Cambrai, de\u00a0Douai, de Maubeuge, de\u00a0Saint-Amand-les-Eaux, de Saint Quentin et dans la France enti\u00e8re. Le monde du travail est complexe et concurrentiel. [&hellip;]<\/p>\n","protected":false},"author":1,"featured_media":0,"parent":0,"menu_order":0,"comment_status":"closed","ping_status":"closed","template":"","meta":{"footnotes":""},"class_list":["post-244","page","type-page","status-publish","hentry"],"_links":{"self":[{"href":"https:\/\/minet-mathieu-avocats.fr\/index.php?rest_route=\/wp\/v2\/pages\/244","targetHints":{"allow":["GET"]}}],"collection":[{"href":"https:\/\/minet-mathieu-avocats.fr\/index.php?rest_route=\/wp\/v2\/pages"}],"about":[{"href":"https:\/\/minet-mathieu-avocats.fr\/index.php?rest_route=\/wp\/v2\/types\/page"}],"author":[{"embeddable":true,"href":"https:\/\/minet-mathieu-avocats.fr\/index.php?rest_route=\/wp\/v2\/users\/1"}],"replies":[{"embeddable":true,"href":"https:\/\/minet-mathieu-avocats.fr\/index.php?rest_route=%2Fwp%2Fv2%2Fcomments&post=244"}],"version-history":[{"count":7,"href":"https:\/\/minet-mathieu-avocats.fr\/index.php?rest_route=\/wp\/v2\/pages\/244\/revisions"}],"predecessor-version":[{"id":251,"href":"https:\/\/minet-mathieu-avocats.fr\/index.php?rest_route=\/wp\/v2\/pages\/244\/revisions\/251"}],"wp:attachment":[{"href":"https:\/\/minet-mathieu-avocats.fr\/index.php?rest_route=%2Fwp%2Fv2%2Fmedia&parent=244"}],"curies":[{"name":"wp","href":"https:\/\/api.w.org\/{rel}","templated":true}]}}