{"id":279,"date":"2022-12-26T00:30:42","date_gmt":"2022-12-25T23:30:42","guid":{"rendered":"https:\/\/minet-mathieu-avocats.fr\/?page_id=279"},"modified":"2022-12-26T00:31:25","modified_gmt":"2022-12-25T23:31:25","slug":"accidents-corporels","status":"publish","type":"page","link":"https:\/\/minet-mathieu-avocats.fr\/?page_id=279","title":{"rendered":"Accidents corporels"},"content":{"rendered":"\t\t<div data-elementor-type=\"wp-page\" data-elementor-id=\"279\" class=\"elementor elementor-279\" data-elementor-post-type=\"page\">\n\t\t\t\t\t\t<section class=\"elementor-section elementor-top-section elementor-element elementor-element-fba5b55 elementor-section-boxed elementor-section-height-default elementor-section-height-default\" data-id=\"fba5b55\" data-element_type=\"section\" data-e-type=\"section\">\n\t\t\t\t\t\t<div class=\"elementor-container elementor-column-gap-default\">\n\t\t\t\t\t<div class=\"elementor-column elementor-col-100 elementor-top-column elementor-element elementor-element-51c3c62\" data-id=\"51c3c62\" data-element_type=\"column\" data-e-type=\"column\">\n\t\t\t<div class=\"elementor-widget-wrap elementor-element-populated\">\n\t\t\t\t\t\t<section class=\"elementor-section elementor-inner-section elementor-element elementor-element-41d4b32 elementor-section-boxed elementor-section-height-default elementor-section-height-default\" data-id=\"41d4b32\" data-element_type=\"section\" data-e-type=\"section\">\n\t\t\t\t\t\t<div class=\"elementor-container elementor-column-gap-default\">\n\t\t\t\t\t<div class=\"elementor-column elementor-col-50 elementor-inner-column elementor-element elementor-element-dfdfd43\" data-id=\"dfdfd43\" data-element_type=\"column\" data-e-type=\"column\">\n\t\t\t<div class=\"elementor-widget-wrap elementor-element-populated\">\n\t\t\t\t\t\t<div class=\"elementor-element elementor-element-90afbc5 elementor-widget elementor-widget-text-editor\" data-id=\"90afbc5\" data-element_type=\"widget\" data-e-type=\"widget\" data-widget_type=\"text-editor.default\">\n\t\t\t\t<div class=\"elementor-widget-container\">\n\t\t\t\t\t\t\t\t\t<h1 style=\"padding: 0px; margin: 0px 0px 15px; text-size-adjust: none; border: 0px; font-size: 24px; vertical-align: baseline; color: #2a6eb6; font-weight: bold; font-family: 'Open Sans', sans-serif; background-color: #f3f3f3;\">Avocat dommage corporel \u00e0 Valenciennes et Denain<\/h1><p style=\"padding: 0px; margin-right: 0px; margin-bottom: 10px; margin-left: 0px; text-size-adjust: none; border: 0px; font-size: 13px; vertical-align: baseline; text-align: justify; color: #4f4f4f; font-family: 'Open Sans', sans-serif; background-color: #f3f3f3;\"><a style=\"padding: 0px; margin: 0px; text-size-adjust: none; border: 0px; vertical-align: baseline; text-decoration-line: underline; color: #5292a3; outline: none;\" href=\"file:\/\/\/D:\/SynologyDrive\/clients-pro\/minet-mathieu%20avocats\/minet-mathieu\/www.minet-mathieu-avocats.fr\/cabinet-avocat-valenciennes.html\">Ma\u00eetre Christelle MATHIEU<\/a><strong style=\"padding: 0px; margin: 0px; text-size-adjust: none; border: 0px; vertical-align: baseline;\">,<\/strong>\u00a0<strong style=\"padding: 0px; margin: 0px; text-size-adjust: none; border: 0px; vertical-align: baseline;\">Avocat comp\u00e9tent en cas de dommage corporel<\/strong>, intervient dans toute la r\u00e9gion des Hauts-de-France et principalement dans les arrondissements de\u00a0<strong style=\"padding: 0px; margin: 0px; text-size-adjust: none; border: 0px; vertical-align: baseline;\">Valenciennes<\/strong>, de\u00a0<strong style=\"padding: 0px; margin: 0px; text-size-adjust: none; border: 0px; vertical-align: baseline;\">Lille<\/strong>, de\u00a0<strong style=\"padding: 0px; margin: 0px; text-size-adjust: none; border: 0px; vertical-align: baseline;\">Cambrai<\/strong>, de\u00a0<strong style=\"padding: 0px; margin: 0px; text-size-adjust: none; border: 0px; vertical-align: baseline;\">Douai<\/strong>, de\u00a0<strong style=\"padding: 0px; margin: 0px; text-size-adjust: none; border: 0px; vertical-align: baseline;\">Denain<\/strong>, de\u00a0<strong style=\"padding: 0px; margin: 0px; text-size-adjust: none; border: 0px; vertical-align: baseline;\">Saint-Amand-les-Eaux<\/strong>\u00a0et dans la France enti\u00e8re.<\/p><h2 style=\"padding: 0px; margin: 10px 0px 5px; text-size-adjust: none; border: 0px; font-size: 19px; vertical-align: baseline; color: #2a6eb6; font-family: 'Open Sans', sans-serif; background-color: #f3f3f3;\">Qu\u2019appelle-t-on \u00ab\u00a0dommages corporels\u00a0\u00bb\u00a0?<\/h2><p style=\"padding: 0px; margin-right: 0px; margin-bottom: 10px; margin-left: 0px; text-size-adjust: none; border: 0px; font-size: 13px; vertical-align: baseline; text-align: justify; color: #4f4f4f; font-family: 'Open Sans', sans-serif; background-color: #f3f3f3;\">Les\u00a0<strong style=\"padding: 0px; margin: 0px; text-size-adjust: none; border: 0px; vertical-align: baseline;\">dommages corporels<\/strong>\u00a0sont tous les pr\u00e9judices subis par la victime d\u2019un accident l\u2019affectant physiquement\u00a0: accident de la route (automobile, moto, pi\u00e9ton), accident m\u00e9dical, accident du travail et maladie professionnelle, accident de la vie (loisirs, accident domestique&#8230;), accident de sport&#8230;<\/p>\t\t\t\t\t\t\t\t<\/div>\n\t\t\t\t<\/div>\n\t\t\t\t\t<\/div>\n\t\t<\/div>\n\t\t\t\t<div class=\"elementor-column elementor-col-50 elementor-inner-column elementor-element elementor-element-6393f75\" data-id=\"6393f75\" data-element_type=\"column\" data-e-type=\"column\">\n\t\t\t<div class=\"elementor-widget-wrap\">\n\t\t\t\t\t\t\t<\/div>\n\t\t<\/div>\n\t\t\t\t\t<\/div>\n\t\t<\/section>\n\t\t\t\t\t<\/div>\n\t\t<\/div>\n\t\t\t\t\t<\/div>\n\t\t<\/section>\n\t\t\t\t<section class=\"elementor-section elementor-top-section elementor-element elementor-element-c8f03e8 elementor-section-boxed elementor-section-height-default elementor-section-height-default\" data-id=\"c8f03e8\" data-element_type=\"section\" data-e-type=\"section\">\n\t\t\t\t\t\t<div class=\"elementor-container elementor-column-gap-default\">\n\t\t\t\t\t<div class=\"elementor-column elementor-col-100 elementor-top-column elementor-element elementor-element-de217cf\" data-id=\"de217cf\" data-element_type=\"column\" data-e-type=\"column\">\n\t\t\t<div class=\"elementor-widget-wrap elementor-element-populated\">\n\t\t\t\t\t\t<section class=\"elementor-section elementor-inner-section elementor-element elementor-element-3fd6860 elementor-section-boxed elementor-section-height-default elementor-section-height-default\" data-id=\"3fd6860\" data-element_type=\"section\" data-e-type=\"section\">\n\t\t\t\t\t\t<div class=\"elementor-container elementor-column-gap-default\">\n\t\t\t\t\t<div class=\"elementor-column elementor-col-50 elementor-inner-column elementor-element elementor-element-55d8ad1\" data-id=\"55d8ad1\" data-element_type=\"column\" data-e-type=\"column\">\n\t\t\t<div class=\"elementor-widget-wrap\">\n\t\t\t\t\t\t\t<\/div>\n\t\t<\/div>\n\t\t\t\t<div class=\"elementor-column elementor-col-50 elementor-inner-column elementor-element elementor-element-1b5a13a\" data-id=\"1b5a13a\" data-element_type=\"column\" data-e-type=\"column\">\n\t\t\t<div class=\"elementor-widget-wrap elementor-element-populated\">\n\t\t\t\t\t\t<div class=\"elementor-element elementor-element-84337b0 elementor-widget elementor-widget-text-editor\" data-id=\"84337b0\" data-element_type=\"widget\" data-e-type=\"widget\" data-widget_type=\"text-editor.default\">\n\t\t\t\t<div class=\"elementor-widget-container\">\n\t\t\t\t\t\t\t\t\t<h2 style=\"padding: 0px; margin: 10px 0px 5px; text-size-adjust: none; border: 0px; font-size: 19px; vertical-align: baseline; color: #2a6eb6; font-family: 'Open Sans', sans-serif; background-color: #f3f3f3;\">Quelle proc\u00e9dure engager pour obtenir l\u2019indemnisation du pr\u00e9judice corporel\u00a0?<\/h2><p style=\"padding: 0px; margin-right: 0px; margin-bottom: 10px; margin-left: 0px; text-size-adjust: none; border: 0px; font-size: 13px; vertical-align: baseline; text-align: justify; color: #4f4f4f; font-family: 'Open Sans', sans-serif; background-color: #f3f3f3;\">L\u2019<strong style=\"padding: 0px; margin: 0px; text-size-adjust: none; border: 0px; vertical-align: baseline;\">Avocat comp\u00e9tent en cas de dommage corporel<\/strong>\u00a0sur\u00a0<strong style=\"padding: 0px; margin: 0px; text-size-adjust: none; border: 0px; vertical-align: baseline;\">Valenciennes<\/strong>\u00a0et\u00a0<strong style=\"padding: 0px; margin: 0px; text-size-adjust: none; border: 0px; vertical-align: baseline;\">Denain<\/strong>\u00a0(proche\u00a0<strong style=\"padding: 0px; margin: 0px; text-size-adjust: none; border: 0px; vertical-align: baseline;\">Cambrai<\/strong>,\u00a0<strong style=\"padding: 0px; margin: 0px; text-size-adjust: none; border: 0px; vertical-align: baseline;\">Douai<\/strong>,\u00a0<strong style=\"padding: 0px; margin: 0px; text-size-adjust: none; border: 0px; vertical-align: baseline;\">Saint-Amand-les-Eaux<\/strong>) engage la proc\u00e9dure ad\u00e9quate en fonction de la nature de l\u2019<strong style=\"padding: 0px; margin: 0px; text-size-adjust: none; border: 0px; vertical-align: baseline;\">accident corporel<\/strong>.<\/p><p style=\"padding: 0px; margin-right: 0px; margin-bottom: 10px; margin-left: 0px; text-size-adjust: none; border: 0px; font-size: 13px; vertical-align: baseline; text-align: justify; color: #4f4f4f; font-family: 'Open Sans', sans-serif; background-color: #f3f3f3;\">En cas d\u2019accident de la circulation, la responsabilit\u00e9 de l\u2019auteur sera engag\u00e9e devant la Juridiction civile ou administrative devant la Juridiction p\u00e9nale en cas d\u2019infraction.<\/p><p style=\"padding: 0px; margin-right: 0px; margin-bottom: 10px; margin-left: 0px; text-size-adjust: none; border: 0px; font-size: 13px; vertical-align: baseline; text-align: justify; color: #4f4f4f; font-family: 'Open Sans', sans-serif; background-color: #f3f3f3;\">En cas d\u2019<strong style=\"padding: 0px; margin: 0px; text-size-adjust: none; border: 0px; vertical-align: baseline;\">accident m\u00e9dical<\/strong>\u00a0(faute m\u00e9dicale, erreur de diagnostic, infection nosocomiale, al\u00e9a th\u00e9rapeutique), la responsabilit\u00e9 du m\u00e9decin (ou plus g\u00e9n\u00e9ralement du praticien) ainsi que la responsabilit\u00e9, le cas \u00e9ch\u00e9ant, de l\u2019\u00e9tablissement de sant\u00e9 sera engag\u00e9e en fonction de la nature du litige, devant le Tribunal civil ou devant le Tribunal administratif.<\/p><p style=\"padding: 0px; margin-right: 0px; margin-bottom: 10px; margin-left: 0px; text-size-adjust: none; border: 0px; font-size: 13px; vertical-align: baseline; text-align: justify; color: #4f4f4f; font-family: 'Open Sans', sans-serif; background-color: #f3f3f3;\">Une demande d\u2019indemnisation peut aussi \u00eatre faite devant la commission d\u2019indemnisation des victimes d\u2019accidents m\u00e9dicaux (CRCI). Votre\u00a0<strong style=\"padding: 0px; margin: 0px; text-size-adjust: none; border: 0px; vertical-align: baseline;\">avocat comp\u00e9tent en cas de dommage corporel<\/strong>\u00a0sur\u00a0<strong style=\"padding: 0px; margin: 0px; text-size-adjust: none; border: 0px; vertical-align: baseline;\">Valenciennes<\/strong>\u00a0et\u00a0<strong style=\"padding: 0px; margin: 0px; text-size-adjust: none; border: 0px; vertical-align: baseline;\">Denain<\/strong>\u00a0(proche\u00a0<strong style=\"padding: 0px; margin: 0px; text-size-adjust: none; border: 0px; vertical-align: baseline;\">Douai<\/strong>,\u00a0<strong style=\"padding: 0px; margin: 0px; text-size-adjust: none; border: 0px; vertical-align: baseline;\">Cambrai<\/strong>,\u00a0<strong style=\"padding: 0px; margin: 0px; text-size-adjust: none; border: 0px; vertical-align: baseline;\">Saint-Amand-les-Eaux<\/strong>) saura repr\u00e9senter vos int\u00e9r\u00eats dans le cadre de cette demande.<\/p><p style=\"padding: 0px; margin-right: 0px; margin-bottom: 10px; margin-left: 0px; text-size-adjust: none; border: 0px; font-size: 13px; vertical-align: baseline; text-align: justify; color: #4f4f4f; font-family: 'Open Sans', sans-serif; background-color: #f3f3f3;\">En cas d\u2019<strong style=\"padding: 0px; margin: 0px; text-size-adjust: none; border: 0px; vertical-align: baseline;\">accident de la vie<\/strong>\u00a0(accident domestique ou accident de loisirs) ou d\u2019<strong style=\"padding: 0px; margin: 0px; text-size-adjust: none; border: 0px; vertical-align: baseline;\">accident de sport,<\/strong>\u00a0l\u2019indemnisation peut \u00eatre form\u00e9e aupr\u00e8s de l\u2019assureur et, \u00e0 d\u00e9faut d\u2019indemnisation amiable, devant une Juridiction civile.<\/p><p style=\"padding: 0px; margin-right: 0px; margin-bottom: 10px; margin-left: 0px; text-size-adjust: none; border: 0px; font-size: 13px; vertical-align: baseline; text-align: justify; color: #4f4f4f; font-family: 'Open Sans', sans-serif; background-color: #f3f3f3;\">En cas d\u2019accident du travail ou de maladie professionnelle, une demande d\u2019indemnisation peut \u00eatre form\u00e9e devant le Tribunal des Affaires de S\u00e9curit\u00e9 Sociale (TASS).<\/p><p style=\"padding: 0px; margin-right: 0px; margin-bottom: 10px; margin-left: 0px; text-size-adjust: none; border: 0px; font-size: 13px; vertical-align: baseline; text-align: justify; color: #4f4f4f; font-family: 'Open Sans', sans-serif; background-color: #f3f3f3;\">Dans l\u2019hypoth\u00e8se o\u00f9 l\u2019employeur n\u2019a pas respect\u00e9 les obligations de s\u00e9curit\u00e9 qui lui incombent, sa responsabilit\u00e9 peut \u00eatre engag\u00e9e devant le Tribunal des Affaires de S\u00e9curit\u00e9 Sociale (TASS) en cas d\u2019accident du travail ou de maladie professionnelle aux fins de voir reconna\u00eetre la\u00a0<strong style=\"padding: 0px; margin: 0px; text-size-adjust: none; border: 0px; vertical-align: baseline;\">faute inexcusable de l\u2019employeur<\/strong>\u00a0et obtenir une indemnisation int\u00e9grale du pr\u00e9judice corporel et la majoration de la rente au taux maximum.<\/p><p style=\"padding: 0px; margin-right: 0px; margin-bottom: 10px; margin-left: 0px; text-size-adjust: none; border: 0px; font-size: 13px; vertical-align: baseline; text-align: justify; color: #4f4f4f; font-family: 'Open Sans', sans-serif; background-color: #f3f3f3;\">Votre\u00a0<strong style=\"padding: 0px; margin: 0px; text-size-adjust: none; border: 0px; vertical-align: baseline;\">avocat intervenant en cas de dommage corporel<\/strong>, Ma\u00eetre Christelle Mathieu, saura vous assister sur\u00a0<strong style=\"padding: 0px; margin: 0px; text-size-adjust: none; border: 0px; vertical-align: baseline;\">Valenciennes<\/strong>\u00a0et\u00a0<strong style=\"padding: 0px; margin: 0px; text-size-adjust: none; border: 0px; vertical-align: baseline;\">Denain<\/strong>\u00a0(proche\u00a0<strong style=\"padding: 0px; margin: 0px; text-size-adjust: none; border: 0px; vertical-align: baseline;\">Cambrai<\/strong>,\u00a0<strong style=\"padding: 0px; margin: 0px; text-size-adjust: none; border: 0px; vertical-align: baseline;\">Douai<\/strong>,\u00a0<strong style=\"padding: 0px; margin: 0px; text-size-adjust: none; border: 0px; vertical-align: baseline;\">Saint-Amand-les-Eaux<\/strong>) afin que cette faute soit reconnue et que vous puissiez pr\u00e9tendre \u00e0 une indemnisation adapt\u00e9e de vos pr\u00e9judices.<\/p><div>\u00a0<\/div>\t\t\t\t\t\t\t\t<\/div>\n\t\t\t\t<\/div>\n\t\t\t\t\t<\/div>\n\t\t<\/div>\n\t\t\t\t\t<\/div>\n\t\t<\/section>\n\t\t\t\t\t<\/div>\n\t\t<\/div>\n\t\t\t\t\t<\/div>\n\t\t<\/section>\n\t\t\t\t<\/div>\n\t\t","protected":false},"excerpt":{"rendered":"<p>Avocat dommage corporel \u00e0 Valenciennes et Denain Ma\u00eetre Christelle MATHIEU,\u00a0Avocat comp\u00e9tent en cas de dommage corporel, intervient dans toute la r\u00e9gion des Hauts-de-France et principalement dans les arrondissements de\u00a0Valenciennes, de\u00a0Lille, de\u00a0Cambrai, de\u00a0Douai, de\u00a0Denain, de\u00a0Saint-Amand-les-Eaux\u00a0et dans la France enti\u00e8re. Qu\u2019appelle-t-on \u00ab\u00a0dommages corporels\u00a0\u00bb\u00a0? Les\u00a0dommages corporels\u00a0sont tous les pr\u00e9judices subis par la victime d\u2019un accident l\u2019affectant physiquement\u00a0: accident [&hellip;]<\/p>\n","protected":false},"author":1,"featured_media":0,"parent":0,"menu_order":0,"comment_status":"closed","ping_status":"closed","template":"","meta":{"footnotes":""},"class_list":["post-279","page","type-page","status-publish","hentry"],"_links":{"self":[{"href":"https:\/\/minet-mathieu-avocats.fr\/index.php?rest_route=\/wp\/v2\/pages\/279","targetHints":{"allow":["GET"]}}],"collection":[{"href":"https:\/\/minet-mathieu-avocats.fr\/index.php?rest_route=\/wp\/v2\/pages"}],"about":[{"href":"https:\/\/minet-mathieu-avocats.fr\/index.php?rest_route=\/wp\/v2\/types\/page"}],"author":[{"embeddable":true,"href":"https:\/\/minet-mathieu-avocats.fr\/index.php?rest_route=\/wp\/v2\/users\/1"}],"replies":[{"embeddable":true,"href":"https:\/\/minet-mathieu-avocats.fr\/index.php?rest_route=%2Fwp%2Fv2%2Fcomments&post=279"}],"version-history":[{"count":4,"href":"https:\/\/minet-mathieu-avocats.fr\/index.php?rest_route=\/wp\/v2\/pages\/279\/revisions"}],"predecessor-version":[{"id":283,"href":"https:\/\/minet-mathieu-avocats.fr\/index.php?rest_route=\/wp\/v2\/pages\/279\/revisions\/283"}],"wp:attachment":[{"href":"https:\/\/minet-mathieu-avocats.fr\/index.php?rest_route=%2Fwp%2Fv2%2Fmedia&parent=279"}],"curies":[{"name":"wp","href":"https:\/\/api.w.org\/{rel}","templated":true}]}}