{"id":408,"date":"2023-01-26T02:55:40","date_gmt":"2023-01-26T01:55:40","guid":{"rendered":"https:\/\/minet-mathieu-avocats.fr\/?page_id=408"},"modified":"2024-02-07T04:16:31","modified_gmt":"2024-02-07T03:16:31","slug":"presentons-nous","status":"publish","type":"page","link":"https:\/\/minet-mathieu-avocats.fr\/?page_id=408","title":{"rendered":"Pr\u00e9sentons nous"},"content":{"rendered":"\t\t<div data-elementor-type=\"wp-page\" data-elementor-id=\"408\" class=\"elementor elementor-408\" data-elementor-post-type=\"page\">\n\t\t\t\t\t\t<section class=\"elementor-section elementor-top-section elementor-element elementor-element-85fe606 elementor-section-boxed elementor-section-height-default elementor-section-height-default\" data-id=\"85fe606\" data-element_type=\"section\" data-e-type=\"section\">\n\t\t\t\t\t\t<div class=\"elementor-container elementor-column-gap-default\">\n\t\t\t\t\t<div class=\"elementor-column elementor-col-100 elementor-top-column elementor-element elementor-element-1e45e17\" data-id=\"1e45e17\" data-element_type=\"column\" data-e-type=\"column\">\n\t\t\t<div class=\"elementor-widget-wrap elementor-element-populated\">\n\t\t\t\t\t\t<div class=\"elementor-element elementor-element-3634813 elementor-widget elementor-widget-heading\" data-id=\"3634813\" data-element_type=\"widget\" data-e-type=\"widget\" data-widget_type=\"heading.default\">\n\t\t\t\t<div class=\"elementor-widget-container\">\n\t\t\t\t\t<h2 class=\"elementor-heading-title elementor-size-default\">Pr\u00e9sentons nous<\/h2>\t\t\t\t<\/div>\n\t\t\t\t<\/div>\n\t\t\t\t<section class=\"elementor-section elementor-inner-section elementor-element elementor-element-c55aba9 elementor-section-boxed elementor-section-height-default elementor-section-height-default\" data-id=\"c55aba9\" data-element_type=\"section\" data-e-type=\"section\">\n\t\t\t\t\t\t<div class=\"elementor-container elementor-column-gap-default\">\n\t\t\t\t\t<div class=\"elementor-column elementor-col-50 elementor-inner-column elementor-element elementor-element-c5b8ad2\" data-id=\"c5b8ad2\" data-element_type=\"column\" data-e-type=\"column\">\n\t\t\t<div class=\"elementor-widget-wrap elementor-element-populated\">\n\t\t\t\t\t\t<div class=\"elementor-element elementor-element-55412e2 elementor-widget elementor-widget-image\" data-id=\"55412e2\" data-element_type=\"widget\" data-e-type=\"widget\" data-widget_type=\"image.default\">\n\t\t\t\t<div class=\"elementor-widget-container\">\n\t\t\t\t\t\t\t\t\t\t\t\t\t\t\t<img fetchpriority=\"high\" decoding=\"async\" width=\"800\" height=\"800\" src=\"https:\/\/minet-mathieu-avocats.fr\/wp-content\/uploads\/2024\/02\/photo-christelle-mathieu-1024x1024.jpg\" class=\"attachment-large size-large wp-image-562\" alt=\"photo-christelle-mathieu\" srcset=\"https:\/\/minet-mathieu-avocats.fr\/wp-content\/uploads\/2024\/02\/photo-christelle-mathieu-1024x1024.jpg 1024w, https:\/\/minet-mathieu-avocats.fr\/wp-content\/uploads\/2024\/02\/photo-christelle-mathieu-300x300.jpg 300w, https:\/\/minet-mathieu-avocats.fr\/wp-content\/uploads\/2024\/02\/photo-christelle-mathieu-150x150.jpg 150w, https:\/\/minet-mathieu-avocats.fr\/wp-content\/uploads\/2024\/02\/photo-christelle-mathieu-768x768.jpg 768w, https:\/\/minet-mathieu-avocats.fr\/wp-content\/uploads\/2024\/02\/photo-christelle-mathieu-1536x1536.jpg 1536w, https:\/\/minet-mathieu-avocats.fr\/wp-content\/uploads\/2024\/02\/photo-christelle-mathieu-2048x2048.jpg 2048w\" sizes=\"(max-width: 800px) 100vw, 800px\" \/>\t\t\t\t\t\t\t\t\t\t\t\t\t\t\t<\/div>\n\t\t\t\t<\/div>\n\t\t\t\t\t<\/div>\n\t\t<\/div>\n\t\t\t\t<div class=\"elementor-column elementor-col-50 elementor-inner-column elementor-element elementor-element-507a295\" data-id=\"507a295\" data-element_type=\"column\" data-e-type=\"column\">\n\t\t\t<div class=\"elementor-widget-wrap elementor-element-populated\">\n\t\t\t\t\t\t<div class=\"elementor-element elementor-element-4c82317 elementor-widget elementor-widget-text-editor\" data-id=\"4c82317\" data-element_type=\"widget\" data-e-type=\"widget\" data-widget_type=\"text-editor.default\">\n\t\t\t\t<div class=\"elementor-widget-container\">\n\t\t\t\t\t\t\t\t\t<h2>Le parcours de votre avocat<\/h2><p>Ma\u00eetre Christelle MATHIEU, Avocat depuis 2000, inscrite au Barreau de Valenciennes depuis le 1er janvier 2001, vous re\u00e7oit \u00e0 Valenciennes et au cabinet secondaire situ\u00e9 \u00e0 Denain.<\/p><p>Ma\u00eetre Christelle MATHIEU a pr\u00eat\u00e9 le serment d\u2019Avocat par-devant la Cour d\u2019Appel de Douai le 12 d\u00e9cembre 2000.<\/p><p>En 2004, Ma\u00eetre Christelle MATHIEU a cr\u00e9\u00e9 avec Monsieur Le B\u00e2tonnier Jacques-Fran\u00e7ois MINET la SCP MINET-MATHIEU.<\/p><p>Suite au d\u00e9c\u00e8s de Monsieur Le B\u00e2tonnier MINET survenu en 2007, votre avocat Ma\u00eetre Christelle MATHIEU s\u2019adjoint la comp\u00e9tence d\u2019Avocats collaborateurs.<\/p>\t\t\t\t\t\t\t\t<\/div>\n\t\t\t\t<\/div>\n\t\t\t\t\t<\/div>\n\t\t<\/div>\n\t\t\t\t\t<\/div>\n\t\t<\/section>\n\t\t\t\t\t<\/div>\n\t\t<\/div>\n\t\t\t\t\t<\/div>\n\t\t<\/section>\n\t\t\t\t<section class=\"elementor-section elementor-top-section elementor-element elementor-element-4b44c9c elementor-section-boxed elementor-section-height-default elementor-section-height-default\" data-id=\"4b44c9c\" data-element_type=\"section\" data-e-type=\"section\">\n\t\t\t\t\t\t<div class=\"elementor-container elementor-column-gap-default\">\n\t\t\t\t\t<div class=\"elementor-column elementor-col-100 elementor-top-column elementor-element elementor-element-463f56f\" data-id=\"463f56f\" data-element_type=\"column\" data-e-type=\"column\">\n\t\t\t<div class=\"elementor-widget-wrap elementor-element-populated\">\n\t\t\t\t\t\t<section class=\"elementor-section elementor-inner-section elementor-element elementor-element-880d7ec elementor-section-boxed elementor-section-height-default elementor-section-height-default\" data-id=\"880d7ec\" data-element_type=\"section\" data-e-type=\"section\">\n\t\t\t\t\t\t<div class=\"elementor-container elementor-column-gap-default\">\n\t\t\t\t\t<div class=\"elementor-column elementor-col-50 elementor-inner-column elementor-element elementor-element-31c5722\" data-id=\"31c5722\" data-element_type=\"column\" data-e-type=\"column\">\n\t\t\t<div class=\"elementor-widget-wrap elementor-element-populated\">\n\t\t\t\t\t\t<div class=\"elementor-element elementor-element-98c9240 elementor-widget elementor-widget-text-editor\" data-id=\"98c9240\" data-element_type=\"widget\" data-e-type=\"widget\" data-widget_type=\"text-editor.default\">\n\t\t\t\t<div class=\"elementor-widget-container\">\n\t\t\t\t\t\t\t\t\t<h2>Les comp\u00e9tences sp\u00e9cifiques de Ma\u00eetre Mathieu<\/h2><p>Sensibilis\u00e9e aux Modes Amiables de R\u00e8glement des Diff\u00e9rends (MARD) depuis plusieurs ann\u00e9es, Ma\u00eetre Christelle MATHIEU pratique le droit collaboratif, offrant ainsi aux clients du cabinet d\u2019Avocat les outils d\u2019une solution amiable n\u00e9goci\u00e9e et p\u00e9renne pour mettre fin aux conflits.<\/p><p>Depuis 2016, titulaire d\u2019un Dipl\u00f4me Universitaire de M\u00e9diation, Ma\u00eetre Christelle MATHIEU exerce \u00e9galement la fonction de m\u00e9diatrice d\u00e9sign\u00e9e par les Tribunaux mais \u00e9galement choisie par les particuliers et les entreprises soucieux de trouver une solution mettant fin \u00e0 leurs diff\u00e9rends.<\/p><p>Install\u00e9e \u00e0 Valenciennes (59300) et \u00e0 Denain (59220), votre avocat Ma\u00eetre Christelle MATHIEU intervient dans le ressort de Valenciennes mais aussi sur la m\u00e9tropole lilloise (59), Douai (59), Cambrai (59), B\u00e9thune (62), Arras (62), Lens (62), Boulogne sur Mer (62), Dunkerque (59), Saint Quentin (02)&#8230;<\/p><p><span style=\"color: var( --e-global-color-text ); font-family: var( --e-global-typography-text-font-family ), Sans-serif; font-weight: var( --e-global-typography-text-font-weight ); font-size: 1rem;\">Dans une soci\u00e9t\u00e9 o\u00f9 la mobilit\u00e9 devient la r\u00e8gle, Ma\u00eetre Christelle MATHIEU a souhait\u00e9 tisser des liens privil\u00e9gi\u00e9s avec ses clients pour lesquels elle est amen\u00e9e \u00e0 plaider sur tout le territoire national.<\/span><\/p><p><span style=\"color: var( --e-global-color-text ); font-family: var( --e-global-typography-text-font-family ), Sans-serif; font-weight: var( --e-global-typography-text-font-weight ); font-size: 1rem;\">Votre avocat Ma\u00eetre Christelle MATHIEU s\u2019engage pour l\u2019\u00e9galit\u00e9 des droits et dans la lutte contre toute forme de discrimination, en raison des origines, de l\u2019orientation sexuelle ou encore du handicap.<\/span><\/p>\t\t\t\t\t\t\t\t<\/div>\n\t\t\t\t<\/div>\n\t\t\t\t\t<\/div>\n\t\t<\/div>\n\t\t\t\t<div class=\"elementor-column elementor-col-50 elementor-inner-column elementor-element elementor-element-09ffe76\" data-id=\"09ffe76\" data-element_type=\"column\" data-e-type=\"column\">\n\t\t\t<div class=\"elementor-widget-wrap elementor-element-populated\">\n\t\t\t\t\t\t<div class=\"elementor-element elementor-element-f9826f4 elementor-view-default elementor-widget elementor-widget-icon\" data-id=\"f9826f4\" data-element_type=\"widget\" data-e-type=\"widget\" data-widget_type=\"icon.default\">\n\t\t\t\t<div class=\"elementor-widget-container\">\n\t\t\t\t\t\t\t<div class=\"elementor-icon-wrapper\">\n\t\t\t<div class=\"elementor-icon\">\n\t\t\t<i aria-hidden=\"true\" class=\"fas fa-check-double\"><\/i>\t\t\t<\/div>\n\t\t<\/div>\n\t\t\t\t\t\t<\/div>\n\t\t\t\t<\/div>\n\t\t\t\t\t<\/div>\n\t\t<\/div>\n\t\t\t\t\t<\/div>\n\t\t<\/section>\n\t\t\t\t\t<\/div>\n\t\t<\/div>\n\t\t\t\t\t<\/div>\n\t\t<\/section>\n\t\t\t\t<\/div>\n\t\t","protected":false},"excerpt":{"rendered":"<p>Pr\u00e9sentons nous Le parcours de votre avocat Ma\u00eetre Christelle MATHIEU, Avocat depuis 2000, inscrite au Barreau de Valenciennes depuis le 1er janvier 2001, vous re\u00e7oit \u00e0 Valenciennes et au cabinet secondaire situ\u00e9 \u00e0 Denain. Ma\u00eetre Christelle MATHIEU a pr\u00eat\u00e9 le serment d\u2019Avocat par-devant la Cour d\u2019Appel de Douai le 12 d\u00e9cembre 2000. En 2004, Ma\u00eetre [&hellip;]<\/p>\n","protected":false},"author":1,"featured_media":0,"parent":0,"menu_order":0,"comment_status":"closed","ping_status":"closed","template":"","meta":{"footnotes":""},"class_list":["post-408","page","type-page","status-publish","hentry"],"_links":{"self":[{"href":"https:\/\/minet-mathieu-avocats.fr\/index.php?rest_route=\/wp\/v2\/pages\/408","targetHints":{"allow":["GET"]}}],"collection":[{"href":"https:\/\/minet-mathieu-avocats.fr\/index.php?rest_route=\/wp\/v2\/pages"}],"about":[{"href":"https:\/\/minet-mathieu-avocats.fr\/index.php?rest_route=\/wp\/v2\/types\/page"}],"author":[{"embeddable":true,"href":"https:\/\/minet-mathieu-avocats.fr\/index.php?rest_route=\/wp\/v2\/users\/1"}],"replies":[{"embeddable":true,"href":"https:\/\/minet-mathieu-avocats.fr\/index.php?rest_route=%2Fwp%2Fv2%2Fcomments&post=408"}],"version-history":[{"count":10,"href":"https:\/\/minet-mathieu-avocats.fr\/index.php?rest_route=\/wp\/v2\/pages\/408\/revisions"}],"predecessor-version":[{"id":566,"href":"https:\/\/minet-mathieu-avocats.fr\/index.php?rest_route=\/wp\/v2\/pages\/408\/revisions\/566"}],"wp:attachment":[{"href":"https:\/\/minet-mathieu-avocats.fr\/index.php?rest_route=%2Fwp%2Fv2%2Fmedia&parent=408"}],"curies":[{"name":"wp","href":"https:\/\/api.w.org\/{rel}","templated":true}]}}